{"id":24,"date":"2015-05-04T14:17:45","date_gmt":"2015-05-04T14:17:45","guid":{"rendered":"http:\/\/aideproject.umh.es\/?page_id=24"},"modified":"2016-12-19T16:21:39","modified_gmt":"2016-12-19T16:21:39","slug":"eventos","status":"publish","type":"page","link":"https:\/\/aideproject.umh.es\/es\/eventos\/","title":{"rendered":"Sala de Prensa y Media"},"content":{"rendered":"<p><\/p>\n<ul>\n<li>El periodic-30\/09\/2016: \u00abLa UMH presenta el proyecto AIDE en una feria de rehabilitaci\u00f3n, prevenci\u00f3n, atenci\u00f3n e inclusi\u00f3n en Alemania\u00bb (spanish). <a href=\"https:\/\/aideproject.umh.es\/files\/2015\/05\/La-UMH-presenta-el-proyecto-AIDE-en-una-feria-de-rehabilitaci\u00f3n-prevenci\u00f3n-atenci\u00f3n-e-inclusi\u00f3n-en-Alemania-__-elperiodic.pdf\">Leer art\u00edculo (.pdf)<\/a><\/li>\n<\/ul>\n<ul>\n<li>HORIZON 2020 PROJECT &#8211;\u00a0<span style=\"line-height: 1.5\">July 2015: PORTAL (ISSUE SEVEN).\u00a0<strong>\u201c<\/strong><\/span><strong>The gift of assistance<\/strong><span style=\"line-height: 1.5\"><strong>\u201d<\/strong> Navigating everyday life is something most people take for granted, but there are those who need assistance with basic tasks. The AIDE project works to bring independence to people with disabilities.\u00a0<a href=\"https:\/\/aideproject.umh.es\/files\/2015\/09\/2020-horizon.pdf\">Leer art\u00edculo\u00a0(.pdf)<\/a><\/span><\/li>\n<\/ul>\n<ul>\n<li>GeriatricArea &#8211; 4\/02\/2015: \u00abInvestigan interfaces multimodales para la asistencia a personas con discapacidad\u00bb\u00a0(Spanish). <a href=\"https:\/\/aideproject.umh.es\/files\/2015\/09\/15_02_GERIATRICAREA-investigan-interfaces-multimodales-para-la-asistencia-a-personas-con-discapacidad.pdf\">Leer art\u00edculo (.pdf)<\/a><\/li>\n<\/ul>\n<ul>\n<li>LA VERDAD &#8211; 4\/02\/2015: \u00abLa UMH, en un proyecto europeo para asistencia\u00a0a discapacitados\u201d (Spanish). <a href=\"https:\/\/aideproject.umh.es\/files\/2015\/09\/15_02_LA-VERDAD-La-UMH-en-un-proyecto-europeo-para-asistencia-a-discapacitados-.-La-Verdad.pdf\">Leer art\u00edculo (.pdf)<\/a><\/li>\n<\/ul>\n<ul>\n<li>La VANGUARDIA &#8211; 03\/02\/2015:\u00a0\u00abLa UMH lidera un proyecto europeo para mejorar la vida de los discapacitados\u201d (Spanish). <a href=\"https:\/\/aideproject.umh.es\/files\/2015\/09\/15_02_LA-VANGUARDIA_La-UMH-lidera-un-proyecto-europeo-para-mejorar-la-vida-de-los-discapacitados.pdf\">Leer art\u00edculo (.pdf)<\/a><\/li>\n<\/ul>\n<ul>\n<li>RUVID\u00a0&#8211; 03\/02\/2015:\u00a0\u00abLa tecnolog\u00eda al servicio de las personas con discapacidad\u201d (Spanish). <a href=\"https:\/\/aideproject.umh.es\/files\/2015\/09\/15_02_RUVID_La-tecnolog\u00eda-al-servicio-de-las-personas-con-discapacidad-\u00bb-RUVID-Red-Universidades-Valencianas-para-el-fomento-de-la-Investigaci\u00f3n-el-Desarrollo-y-la-Innovaci\u00f3n.pdf\">Leer art\u00edculo (.pdf)<\/a><\/li>\n<\/ul>\n<p><\/p>","protected":false},"excerpt":{"rendered":"<p>El periodic-30\/09\/2016: \u00abLa UMH presenta el proyecto AIDE en una feria de rehabilitaci\u00f3n, prevenci\u00f3n, atenci\u00f3n e inclusi\u00f3n en Alemania\u00bb (spanish). Leer art\u00edculo (.pdf)<\/p>\n<p>HORIZON 2020 PROJECT &#8211;\u00a0July 2015: PORTAL (ISSUE SEVEN).\u00a0\u201cThe gift of assistance\u201d Navigating everyday life is something most people take for granted, but there are those who need assistance with basic tasks. The AIDE [&#8230;]<\/p>\n","protected":false},"author":43,"featured_media":0,"parent":0,"menu_order":7,"comment_status":"closed","ping_status":"closed","template":"","meta":{"_links_to":"","_links_to_target":""},"_links":{"self":[{"href":"https:\/\/aideproject.umh.es\/es\/wp-json\/wp\/v2\/pages\/24"}],"collection":[{"href":"https:\/\/aideproject.umh.es\/es\/wp-json\/wp\/v2\/pages"}],"about":[{"href":"https:\/\/aideproject.umh.es\/es\/wp-json\/wp\/v2\/types\/page"}],"author":[{"embeddable":true,"href":"https:\/\/aideproject.umh.es\/es\/wp-json\/wp\/v2\/users\/43"}],"replies":[{"embeddable":true,"href":"https:\/\/aideproject.umh.es\/es\/wp-json\/wp\/v2\/comments?post=24"}],"version-history":[{"count":0,"href":"https:\/\/aideproject.umh.es\/es\/wp-json\/wp\/v2\/pages\/24\/revisions"}],"wp:attachment":[{"href":"https:\/\/aideproject.umh.es\/es\/wp-json\/wp\/v2\/media?parent=24"}],"curies":[{"name":"wp","href":"https:\/\/api.w.org\/{rel}","templated":true}]}}