{"id":22,"date":"2015-05-04T14:16:42","date_gmt":"2015-05-04T14:16:42","guid":{"rendered":"http:\/\/aideproject.umh.es\/?page_id=22"},"modified":"2016-12-19T16:08:24","modified_gmt":"2016-12-19T16:08:24","slug":"entregables-y-publicaciones","status":"publish","type":"page","link":"https:\/\/aideproject.umh.es\/ca\/entregables-y-publicaciones\/","title":{"rendered":"Entregables i publicacions"},"content":{"rendered":"<p><\/p>\n<h2>PUBLICATIONS<\/h2>\n<h2>Articles in Journals<\/h2>\n<ol>\n<li><em>&#8220;Upper-limb kinematic reconstruction during stroke robot-aided therapy&#8221;<\/em>;\u00a0E. Papaleo, L. Zollo, N. Garcia-Aracil, F. J. Badesa, R. Morales, S. Mazzoleni, S. Sterzi, E. Guglielmelli; Medical &amp; Biological Engineering &amp; Computing, April, 2015. <a href=\"http:\/\/link.springer.com\/article\/10.1007%2Fs11517-015-1276-9#\">(online)<\/a><\/li>\n<li><em>&#8220;Supervised and Dynamic Neuro-Fuzzy Systems to Classify Physiological Responses in Robot-Assisted Neurorehabilitation&#8221;<\/em>;\u00a0Luis D. Lledo, Francisco J. Badesa, Miguel Almonacid Kroeger, Jose M., Cano-Izquierdo, Jose M. Sabater Navarro, Eduardo Fernandez, Nicolas Garcia-Aracil; Plos One. <a href=\"http:\/\/dx.doi.org\/10.1371\/journal.pone.0127777\">(online)<\/a><\/li>\n<li><em>&#8220;Multimodal adaptive interfaces for 3D robot-mediated upper limb neuro-rehabilitation: a bio-cooperative approach&#8221;<\/em>;\u00a0Davide Simonetti , Loredana Zollo , Eugenia Papaleo, Giorgio Carpino, and Eugenio Guglielmelli;\u00a0Robotics and Autonomous Systems, a Host Journal for the, 2016. <a href=\"http:\/\/dx.doi.org\/10.1016\/j.robot.2016.08.012\">(online)<\/a><\/li>\n<li><em>&#8220;A Comparative Analysis of 2D and 3D Tasks for Virtual Reality Therapies Based on Robotic-Assisted Neurorehabilitation for Post-stroke Patients&#8221;<\/em>; Luis D. Lled\u00f3, Jorge A. D\u00edez, Arturo Bertomeu-Motos, Santiago Ezquerro, Francisco J. Badesa, Nicol\u00e1s Garc\u00eda-Aracil; Frontiers in Aging Neuroscience, 2016. <a href=\"http:\/\/dx.doi.org\/10.3389\/fnagi.2016.00205\">(online)<\/a><\/li>\n<li><em>&#8220;Multimodal adaptive interfaces for 3D robot-mediated upper limb neuro-rehabilitation: An overview of bio-cooperative systems&#8221;<\/em>;\u00a0Davide Simonetti,\u00a0Loredana Zollo,\u00a0Eugenia Papaleo,\u00a0Giorgio Carpino,\u00a0Eugenio Guglielmelli;\u00a0Robotics and Autonomous Systems, 2016. <a href=\"http:\/\/dx.doi.org\/10.1016\/j.robot.2016.08.012\">(online)<\/a><\/li>\n<li><em>&#8220;Multimodal robotic system for\u00a0upper-limb rehabilitation in physical\u00a0environment&#8221;<\/em>; Jorge A. D\u00edez, Jos\u00e9 M. Catal\u00e1n, Luis D. Lled\u00f3, Francisco J. Badesa, Nicol\u00e1s Garcia-Aracil; Advances in Mechanical Engineering. (acceptat)<\/li>\n<\/ol>\n<h2>Conference Proceedings and Book Chapters<\/h2>\n<ol>\n<li><i>&#8220;Kinematic reconstruction of the upper limb joints in planar robot-aided therapies&#8221;,\u00a0<\/i>Arturo Bertomeu-Motos, Ricardo Morales, Jorge A. D\u00edez,\u00a0Luis D. Lled\u00f3, Francisco J. Badesa, Nicolas Garcia-Aracil. ICORR 2015, IEEE 14th International Conference on Rehabilitation Robotics, August 2015.<\/li>\n<li><em>&#8220;Kinematic reconstruction of the human arm joints in robot-aided\u00a0therapies with Hermes robot&#8221;<\/em>,\u00a0Arturo Bertomeu-Motos, Ricardo Morales, Luis D. Lled\u00f3, Jorge A. D\u00edez, Jose M. Catalan,\u00a0Nicolas Garcia-Aracil, EMBC 2015, IEEE\u00a037th International Conference in Medicine and Biology Society, August 2015.<\/li>\n<li><em>&#8220;Exploring the research into smart home environments: A review of the literature and highlighting opportunities for future work&#8221;<\/em>;\u00a0Martin, S. and Daly, J.;\u00a0Telemedicine &amp; eHealth 2015: Wearables and the caring home, London (23rd- 24th of November 2015).<\/li>\n<li><em>&#8220;The Smart Environment Controlled by the Intelligent Human: at the interface&#8221;<\/em>;\u00a0McCullagh, P. Daly, J and Martin, S.;\u00a05th Dutch Bio-Medical Engineering Conference.<\/li>\n<li><em>&#8220;Reconstrucci\u00f3n cinem\u00e1tica de las variables articulares del miembro superior en terapias asistidas por robots&#8221;<\/em>;\u00a0Arturo Bertomeu-Motos, Ricardo Morales, Jorge A. D\u00edez, Luis D. Lled\u00f3, Francisco J. Badesa, Nicolas Garcia-Aracil;\u00a0V Congreso Internacional de Turismo para Todos: VI Congreso Internacional de Dise\u00f1o, Redes de Investigaci\u00f3n y Tecnolog\u00eda para todos DRT4ALL, 2015.<\/li>\n<\/ol>\n<h2>PARTICIPATION IN WORKSHOPS<\/h2>\n<ul>\n<li><em>&#8220;Motivational patient-tailored therapy with rehabilitation robots&#8221;;<\/em>\u00a0Speaker: UMH; ICORR 2015, IEEE 14th International Conference on Rehabilitation Robotics, August 2015.<\/li>\n<li><em>&#8220;Affordable Rehabilitation and Assistive Robotics for Low Resource Settings and Developing Countries&#8221;;\u00a0<\/em>Speaker: UMH;\u00a0ICORR 2015, IEEE 14th International Conference on Rehabilitation Robotics, August 2015.<\/li>\n<li><em>&#8220;Robotic Systems for Training and Assistance of Walking&#8221;<\/em>; Speaker: SSSA;\u00a0<em>ICORR 2015, IEEE 14th International Conference on Rehabilitation Robotics, August 2015.<\/em><\/li>\n<li><em>&#8220;Benchmarking lower limb robots: towards practical and evidence-based solutions&#8221;<\/em>; Speaker: SSSA;\u00a0<em>IEEE 14th International Conference on Rehabilitation Robotics, August 2015.<\/em><\/li>\n<li><em>&#8220;Can robots save the world economy?&#8221;<\/em>; Speaker: SSSA;\u00a0Italy-Japan Workshop 2015, sponsored by the Embassy of Italy in Japan, Waseda University, Tokyo, Japan.<\/li>\n<\/ul>\n<h2>DELIVERABLES<\/h2>\n<ul>\n<li>D1.1\u00a0Non-disclosure Agreement.\u00a0(Confidencial)<\/li>\n<li>D1.2\u00a0Memorandum \u00a0of Understanding.\u00a0(Confidencial)<\/li>\n<li>D1-3 First year management and budget report.\u00a0(Confidencial)<\/li>\n<li>D1.6\u00a0First version of Data Management Plan.\u00a0(Confidencial)<\/li>\n<li>D1.7\u00a0Second version of Data Management Plan.\u00a0(Confidencial)<\/li>\n<li>D2.1 Ethical guide lines.\u00a0(Confidencial)<\/li>\n<li>D2.2 Report on scenarios and user needs.\u00a0<a href=\"https:\/\/aideproject.umh.es\/files\/2016\/09\/AIDE_D2.2.pdf\">Llegir (.pdf)<\/a><\/li>\n<li>D2.3 System characterization and technical specification of components.\u00a0(Confidencial)<\/li>\n<li>D2.4 Quality assurance plan.\u00a0(Confidencial)<\/li>\n<li>D2.5 Evaluation plan and methodology.\u00a0(Confidencial)<\/li>\n<li>D3.1 Report on modular architecture of AIDE multimodal interface. <a href=\"https:\/\/aideproject.umh.es\/files\/2016\/09\/AIDE_D3.1.pdf\">Llegir (.pdf)<\/a><\/li>\n<li>D3.2 Prototype of software architecture.\u00a0(Confidencial)<\/li>\n<li>D4.1 Prototype of a wearable and wireless system for biosignal recording and processing: report and prototype.\u00a0(Confidencial)<\/li>\n<li>D9.1 Dissemination Plan.\u00a0 <a href=\"https:\/\/aideproject.umh.es\/files\/2016\/03\/AIDE_D9.1.pdf\">Llegir (.pdf)<\/a><\/li>\n<li>D9.2 Revision of Dissemination Plan and Report Year 1.\u00a0<a href=\"https:\/\/aideproject.umh.es\/files\/2016\/03\/AIDE_D9.2.pdf\">Llegir (.pdf)<\/a><\/li>\n<li>D9.5 Project website.\u00a0<a href=\"https:\/\/aideproject.umh.es\/files\/2016\/03\/AIDE_D9.5.pdf\">Llegir (.pdf)<\/a><\/li>\n<li>D9.6 Draft exploitation plan.\u00a0(Confidencial)<\/li>\n<li>D9.7 Intellectual property management plan.\u00a0(Confidencial)<\/li>\n<li>D9.8 Final exploitation plan\u00a0\u00a0 Confidential.\u00a0(Confidencial)<\/li>\n<li>D10.1 POPD &#8211; Requirement No. 2.\u00a0(Confidencial)<\/li>\n<li>D10.2 H &#8211; Requirement No. 1.\u00a0(Confidencial)<\/li>\n<\/ul>\n<p><\/p>","protected":false},"excerpt":{"rendered":"<p>PUBLICATIONS<br \/>\nArticles in Journals<\/p>\n<p>&#8220;Upper-limb kinematic reconstruction during stroke robot-aided therapy&#8221;;\u00a0E. Papaleo, L. Zollo, N. Garcia-Aracil, F. J. Badesa, R. Morales, S. Mazzoleni, S. Sterzi, E. Guglielmelli; Medical &amp; Biological Engineering &amp; Computing, April, 2015. (online)<br \/>\n&#8220;Supervised and Dynamic Neuro-Fuzzy Systems to Classify Physiological Responses in Robot-Assisted Neurorehabilitation&#8221;;\u00a0Luis D. Lledo, Francisco J. Badesa, Miguel Almonacid Kroeger, Jose M., [&#8230;]<\/p>\n","protected":false},"author":43,"featured_media":0,"parent":0,"menu_order":5,"comment_status":"closed","ping_status":"closed","template":"","meta":{"_links_to":"","_links_to_target":""},"_links":{"self":[{"href":"https:\/\/aideproject.umh.es\/ca\/wp-json\/wp\/v2\/pages\/22"}],"collection":[{"href":"https:\/\/aideproject.umh.es\/ca\/wp-json\/wp\/v2\/pages"}],"about":[{"href":"https:\/\/aideproject.umh.es\/ca\/wp-json\/wp\/v2\/types\/page"}],"author":[{"embeddable":true,"href":"https:\/\/aideproject.umh.es\/ca\/wp-json\/wp\/v2\/users\/43"}],"replies":[{"embeddable":true,"href":"https:\/\/aideproject.umh.es\/ca\/wp-json\/wp\/v2\/comments?post=22"}],"version-history":[{"count":0,"href":"https:\/\/aideproject.umh.es\/ca\/wp-json\/wp\/v2\/pages\/22\/revisions"}],"wp:attachment":[{"href":"https:\/\/aideproject.umh.es\/ca\/wp-json\/wp\/v2\/media?parent=22"}],"curies":[{"name":"wp","href":"https:\/\/api.w.org\/{rel}","templated":true}]}}