{"id":159,"date":"2016-07-28T08:39:30","date_gmt":"2016-07-28T08:39:30","guid":{"rendered":"http:\/\/aideproject.umh.es\/?page_id=159"},"modified":"2016-12-19T16:10:11","modified_gmt":"2016-12-19T16:10:11","slug":"iwart-2016","status":"publish","type":"page","link":"https:\/\/aideproject.umh.es\/ca\/iwart-2016\/","title":{"rendered":"<span lang=\"en\">(English) IWART 2016<\/span>"},"content":{"rendered":"<p class=\"qtranxs-available-languages-message qtranxs-available-languages-message-ca\">Ho sent, per\u00f2 aquesta entrada nom\u00e9s est\u00e0 disponible en <a href=\"https:\/\/aideproject.umh.es\/en\/wp-json\/wp\/v2\/pages\/159\" class=\"qtranxs-available-language-link qtranxs-available-language-link-en\" title=\"English\">Angl\u00e8s Americ\u00e0<\/a> i <a href=\"https:\/\/aideproject.umh.es\/es\/wp-json\/wp\/v2\/pages\/159\" class=\"qtranxs-available-language-link qtranxs-available-language-link-es\" title=\"Espa\u00f1ol\">Espanyol Europeu<\/a>.<\/p>","protected":false},"excerpt":{"rendered":"<p>Ho sent, per\u00f2 aquesta entrada nom\u00e9s est\u00e0 disponible en Angl\u00e8s Americ\u00e0 i Espanyol Europeu.<\/p>\n","protected":false},"author":43,"featured_media":0,"parent":0,"menu_order":7,"comment_status":"closed","ping_status":"closed","template":"","meta":{"_links_to":"","_links_to_target":""},"_links":{"self":[{"href":"https:\/\/aideproject.umh.es\/ca\/wp-json\/wp\/v2\/pages\/159"}],"collection":[{"href":"https:\/\/aideproject.umh.es\/ca\/wp-json\/wp\/v2\/pages"}],"about":[{"href":"https:\/\/aideproject.umh.es\/ca\/wp-json\/wp\/v2\/types\/page"}],"author":[{"embeddable":true,"href":"https:\/\/aideproject.umh.es\/ca\/wp-json\/wp\/v2\/users\/43"}],"replies":[{"embeddable":true,"href":"https:\/\/aideproject.umh.es\/ca\/wp-json\/wp\/v2\/comments?post=159"}],"version-history":[{"count":0,"href":"https:\/\/aideproject.umh.es\/ca\/wp-json\/wp\/v2\/pages\/159\/revisions"}],"wp:attachment":[{"href":"https:\/\/aideproject.umh.es\/ca\/wp-json\/wp\/v2\/media?parent=159"}],"curies":[{"name":"wp","href":"https:\/\/api.w.org\/{rel}","templated":true}]}}