{"id":12,"date":"2015-05-04T11:00:45","date_gmt":"2015-05-04T11:00:45","guid":{"rendered":"http:\/\/aideproject.umh.es\/?page_id=12"},"modified":"2016-09-16T10:16:32","modified_gmt":"2016-09-16T10:16:32","slug":"descripcion-del-proyecto","status":"publish","type":"page","link":"https:\/\/aideproject.umh.es\/ca\/","title":{"rendered":"<span lang=\"en\">(English) Project Overview<\/span>"},"content":{"rendered":"<p class=\"qtranxs-available-languages-message qtranxs-available-languages-message-ca\">Ho sent, per\u00f2 aquesta entrada nom\u00e9s est\u00e0 disponible en <a href=\"https:\/\/aideproject.umh.es\/en\/wp-json\/wp\/v2\/pages\/12\" class=\"qtranxs-available-language-link qtranxs-available-language-link-en\" title=\"English\">Angl\u00e8s Americ\u00e0<\/a> i <a href=\"https:\/\/aideproject.umh.es\/es\/wp-json\/wp\/v2\/pages\/12\" class=\"qtranxs-available-language-link qtranxs-available-language-link-es\" title=\"Espa\u00f1ol\">Espanyol Europeu<\/a>.<\/p>","protected":false},"excerpt":{"rendered":"<p>Ho sent, per\u00f2 aquesta entrada nom\u00e9s est\u00e0 disponible en Angl\u00e8s Americ\u00e0 i Espanyol Europeu.<\/p>\n","protected":false},"author":1,"featured_media":0,"parent":0,"menu_order":1,"comment_status":"closed","ping_status":"closed","template":"","meta":{"_links_to":"","_links_to_target":""},"_links":{"self":[{"href":"https:\/\/aideproject.umh.es\/ca\/wp-json\/wp\/v2\/pages\/12"}],"collection":[{"href":"https:\/\/aideproject.umh.es\/ca\/wp-json\/wp\/v2\/pages"}],"about":[{"href":"https:\/\/aideproject.umh.es\/ca\/wp-json\/wp\/v2\/types\/page"}],"author":[{"embeddable":true,"href":"https:\/\/aideproject.umh.es\/ca\/wp-json\/wp\/v2\/users\/1"}],"replies":[{"embeddable":true,"href":"https:\/\/aideproject.umh.es\/ca\/wp-json\/wp\/v2\/comments?post=12"}],"version-history":[{"count":0,"href":"https:\/\/aideproject.umh.es\/ca\/wp-json\/wp\/v2\/pages\/12\/revisions"}],"wp:attachment":[{"href":"https:\/\/aideproject.umh.es\/ca\/wp-json\/wp\/v2\/media?parent=12"}],"curies":[{"name":"wp","href":"https:\/\/api.w.org\/{rel}","templated":true}]}}